{"id":13,"date":"2022-08-03T16:55:44","date_gmt":"2022-08-03T14:55:44","guid":{"rendered":"https:\/\/new.laytika.com\/?page_id=13"},"modified":"2025-03-12T17:07:53","modified_gmt":"2025-03-12T16:07:53","slug":"contact","status":"publish","type":"page","link":"https:\/\/www.laytika.com\/en\/contact\/","title":{"rendered":"Contact"},"content":{"rendered":"\t\t<div data-elementor-type=\"wp-page\" data-elementor-id=\"13\" class=\"elementor elementor-13\">\n\t\t\t\t\t\t<section class=\"elementor-section elementor-top-section elementor-element elementor-element-56806d59 elementor-section-height-min-height elementor-section-boxed elementor-section-height-default elementor-section-items-middle\" data-id=\"56806d59\" data-element_type=\"section\" data-e-type=\"section\" data-settings=\"{&quot;background_background&quot;:&quot;classic&quot;,&quot;animation&quot;:&quot;none&quot;}\">\n\t\t\t\t\t\t\t<div class=\"elementor-background-overlay\"><\/div>\n\t\t\t\t\t\t\t<div class=\"elementor-container elementor-column-gap-default\">\n\t\t\t\t\t<div class=\"elementor-column elementor-col-100 elementor-top-column elementor-element elementor-element-4e8b554f\" data-id=\"4e8b554f\" data-element_type=\"column\" data-e-type=\"column\">\n\t\t\t<div class=\"elementor-widget-wrap elementor-element-populated\">\n\t\t\t\t\t\t<div class=\"elementor-element elementor-element-524dbc5d elementor-widget elementor-widget-heading\" data-id=\"524dbc5d\" data-element_type=\"widget\" data-e-type=\"widget\" data-widget_type=\"heading.default\">\n\t\t\t\t<div class=\"elementor-widget-container\">\n\t\t\t\t\t<h5 class=\"elementor-heading-title elementor-size-default\">Sp\u00e9cialiste de l'Agilit\u00e9 et de la Qualit\u00e9 du SI<\/h5>\t\t\t\t<\/div>\n\t\t\t\t<\/div>\n\t\t\t\t<div class=\"elementor-element elementor-element-de1d88e elementor-widget elementor-widget-heading\" data-id=\"de1d88e\" data-element_type=\"widget\" data-e-type=\"widget\" data-widget_type=\"heading.default\">\n\t\t\t\t<div class=\"elementor-widget-container\">\n\t\t\t\t\t<h2 class=\"elementor-heading-title elementor-size-default\">Restons en contact !<\/h2>\t\t\t\t<\/div>\n\t\t\t\t<\/div>\n\t\t\t\t<div class=\"elementor-element elementor-element-d84d164 elementor-widget elementor-widget-text-editor\" data-id=\"d84d164\" data-element_type=\"widget\" data-e-type=\"widget\" data-widget_type=\"text-editor.default\">\n\t\t\t\t<div class=\"elementor-widget-container\">\n\t\t\t\t\t\t\t\t\t<p>Une demande d\u2019information ? Un devis ? Une proposition de partenariat ?<br \/>Vous pouvez nous adresser votre demande via le formulaire ci-dessous.<\/p>\t\t\t\t\t\t\t\t<\/div>\n\t\t\t\t<\/div>\n\t\t\t\t\t<\/div>\n\t\t<\/div>\n\t\t\t\t\t<\/div>\n\t\t<\/section>\n\t\t\t\t<section class=\"elementor-section elementor-top-section elementor-element elementor-element-1de28652 envato-kit-141-top-0 elementor-section-content-middle elementor-section-boxed elementor-section-height-default elementor-section-height-default\" data-id=\"1de28652\" data-element_type=\"section\" data-e-type=\"section\" data-settings=\"{&quot;background_background&quot;:&quot;classic&quot;}\">\n\t\t\t\t\t\t<div class=\"elementor-container elementor-column-gap-wider\">\n\t\t\t\t\t<div class=\"elementor-column elementor-col-50 elementor-top-column elementor-element elementor-element-2de624ea\" data-id=\"2de624ea\" data-element_type=\"column\" data-e-type=\"column\">\n\t\t\t<div class=\"elementor-widget-wrap elementor-element-populated\">\n\t\t\t\t\t\t<div class=\"elementor-element elementor-element-4e489007 elementor-invisible elementor-widget elementor-widget-google_maps\" data-id=\"4e489007\" data-element_type=\"widget\" data-e-type=\"widget\" data-settings=\"{&quot;_animation&quot;:&quot;fadeIn&quot;,&quot;_animation_delay&quot;:300}\" data-widget_type=\"google_maps.default\">\n\t\t\t\t<div class=\"elementor-widget-container\">\n\t\t\t\t\t\t\t<div class=\"elementor-custom-embed\">\n\t\t\t<iframe loading=\"lazy\"\n\t\t\t\t\tsrc=\"https:\/\/maps.google.com\/maps?q=228%20rue%20de%20las%20farinas%2C%2019600%20St%20Pantal%C3%A9on%20de%20Larche%2C%20France&#038;t=m&#038;z=7&#038;output=embed&#038;iwloc=near\"\n\t\t\t\t\ttitle=\"228 rue de las farinas, 19600 St Pantal\u00e9on de Larche, France\"\n\t\t\t\t\taria-label=\"228 rue de las farinas, 19600 St Pantal\u00e9on de Larche, France\"\n\t\t\t><\/iframe>\n\t\t<\/div>\n\t\t\t\t\t\t<\/div>\n\t\t\t\t<\/div>\n\t\t\t\t\t<\/div>\n\t\t<\/div>\n\t\t\t\t<div class=\"elementor-column elementor-col-50 elementor-top-column elementor-element elementor-element-708c23d7 envato-kit-141-newsletter-inline elementor-invisible\" data-id=\"708c23d7\" data-element_type=\"column\" data-e-type=\"column\" data-settings=\"{&quot;background_background&quot;:&quot;classic&quot;,&quot;animation&quot;:&quot;pulse&quot;,&quot;animation_delay&quot;:200}\">\n\t\t\t<div class=\"elementor-widget-wrap elementor-element-populated\">\n\t\t\t\t\t\t<div class=\"elementor-element elementor-element-566e8e5d elementor-widget elementor-widget-heading\" data-id=\"566e8e5d\" data-element_type=\"widget\" data-e-type=\"widget\" data-widget_type=\"heading.default\">\n\t\t\t\t<div class=\"elementor-widget-container\">\n\t\t\t\t\t<h2 class=\"elementor-heading-title elementor-size-default\">Envoyez nous un message<\/h2>\t\t\t\t<\/div>\n\t\t\t\t<\/div>\n\t\t\t\t<div class=\"elementor-element elementor-element-24ee5ba8 elementor-widget-divider--view-line elementor-widget elementor-widget-divider\" data-id=\"24ee5ba8\" data-element_type=\"widget\" data-e-type=\"widget\" data-widget_type=\"divider.default\">\n\t\t\t\t<div class=\"elementor-widget-container\">\n\t\t\t\t\t\t\t<div class=\"elementor-divider\">\n\t\t\t<span class=\"elementor-divider-separator\">\n\t\t\t\t\t\t<\/span>\n\t\t<\/div>\n\t\t\t\t\t\t<\/div>\n\t\t\t\t<\/div>\n\t\t\t\t<div class=\"elementor-element elementor-element-316cff4 elementor-widget elementor-widget-shortcode\" data-id=\"316cff4\" data-element_type=\"widget\" data-e-type=\"widget\" data-widget_type=\"shortcode.default\">\n\t\t\t\t<div class=\"elementor-widget-container\">\n\t\t\t\t\t\t\t<div class=\"elementor-shortcode\"><div class=\"wpforms-container wpforms-container-full\" id=\"wpforms-726\"><form id=\"wpforms-form-726\" class=\"wpforms-validate wpforms-form wpforms-ajax-form\" data-formid=\"726\" method=\"post\" enctype=\"multipart\/form-data\" action=\"\/en\/wp-json\/wp\/v2\/pages\/13\" data-token=\"d0899afad92b9d47dac7cbb4e3e071f9\" data-token-time=\"1776486029\"><noscript class=\"wpforms-error-noscript\">Please enable JavaScript in your browser to complete this form.<\/noscript><div class=\"wpforms-field-container\"><div id=\"wpforms-726-field_6-container\" class=\"wpforms-field wpforms-field-select wpforms-field-select-style-modern\" data-field-id=\"6\"><label class=\"wpforms-field-label\" for=\"wpforms-726-field_6\">Objet <span class=\"wpforms-required-label\">*<\/span><\/label><select id=\"wpforms-726-field_6\" class=\"wpforms-field-large wpforms-field-required choicesjs-select\" data-size-class=\"wpforms-field-row wpforms-field-large\" data-search-enabled=\"\" name=\"wpforms[fields][6]\" required=\"required\"><option value=\"\" class=\"placeholder\" disabled  selected='selected'><\/option><option value=\"Au sujet des Formations\"  class=\"choice-1 depth-1\"  >Au sujet des Formations<\/option><option value=\"Notre P\u00f4le Conseil\"  class=\"choice-2 depth-1\"  >Notre P\u00f4le Conseil<\/option><option value=\"Laytika Testing Factory\"  class=\"choice-3 depth-1\"  >Laytika Testing Factory<\/option><option value=\"Laytika Dev Factory\"  class=\"choice-4 depth-1\"  >Laytika Dev Factory<\/option><option value=\"Webmaster\"  class=\"choice-5 depth-1\"  >Webmaster<\/option><\/select><\/div><div id=\"wpforms-726-field_0-container\" class=\"wpforms-field wpforms-field-name\" data-field-id=\"0\"><label class=\"wpforms-field-label\">Nom <span class=\"wpforms-required-label\">*<\/span><\/label><div class=\"wpforms-field-row wpforms-field-large\"><div class=\"wpforms-field-row-block wpforms-first wpforms-one-half\"><input type=\"text\" id=\"wpforms-726-field_0\" class=\"wpforms-field-name-first wpforms-field-required\" name=\"wpforms[fields][0][first]\" required><label for=\"wpforms-726-field_0\" class=\"wpforms-field-sublabel after\">First<\/label><\/div><div class=\"wpforms-field-row-block wpforms-one-half\"><input type=\"text\" id=\"wpforms-726-field_0-last\" class=\"wpforms-field-name-last wpforms-field-required\" name=\"wpforms[fields][0][last]\" required><label for=\"wpforms-726-field_0-last\" class=\"wpforms-field-sublabel after\">Last<\/label><\/div><\/div><\/div><div id=\"wpforms-726-field_1-container\" class=\"wpforms-field wpforms-field-email\" data-field-id=\"1\"><label class=\"wpforms-field-label\" for=\"wpforms-726-field_1\">E-mail <span class=\"wpforms-required-label\">*<\/span><\/label><input type=\"email\" id=\"wpforms-726-field_1\" class=\"wpforms-field-large wpforms-field-required\" name=\"wpforms[fields][1]\" spellcheck=\"false\" required><\/div><div id=\"wpforms-726-field_2-container\" class=\"wpforms-field wpforms-field-textarea\" data-field-id=\"2\"><label class=\"wpforms-field-label\" for=\"wpforms-726-field_2\">Commentaire ou message<\/label><textarea id=\"wpforms-726-field_2\" class=\"wpforms-field-medium\" name=\"wpforms[fields][2]\" ><\/textarea><\/div><div id=\"wpforms-726-field_3-container\" class=\"wpforms-field wpforms-field-gdpr-checkbox\" data-field-id=\"3\"><label class=\"wpforms-field-label\">Accord RGPD <span class=\"wpforms-required-label\">*<\/span><\/label><ul id=\"wpforms-726-field_3\" class=\"wpforms-field-required\"><li class=\"choice-1\"><input type=\"checkbox\" id=\"wpforms-726-field_3_1\" name=\"wpforms[fields][3][]\" value=\"Je consens \u00e0 ce que ce site stocke mes informations envoy\u00e9es afin qu\u2019ils puissent r\u00e9pondre \u00e0 ma requ\u00eate.\" required ><label class=\"wpforms-field-label-inline\" for=\"wpforms-726-field_3_1\">Je consens \u00e0 ce que ce site stocke mes informations envoy\u00e9es afin qu\u2019ils puissent r\u00e9pondre \u00e0 ma requ\u00eate.<\/label><\/li><\/ul><\/div><\/div><!-- .wpforms-field-container -->\r\n\t\t\t<script>\r\n\t\t\tif ( typeof huOptions !== 'undefined' ) {\r\n\t\t\t\tvar huFormData = {\"source\":\"wpforms\",\"id\":726,\"title\":\"contact\",\"fields\":{\"subject\":{\"first_name\":\"\",\"last_name\":\"\"}}};\r\n\t\t\t\tvar huFormNode = document.querySelector( '[id=\"wpforms-726\"] form' );\r\n\r\n\t\t\t\tvar firstName = huFormNode.querySelector( 'input.wpforms-field-name-first' );\r\n\t\t\t\tvar lastName = huFormNode.querySelector( 'input.wpforms-field-name-last' );\r\n\r\n\t\t\t\tif ( firstName )\r\n\t\t\t\t\thuFormData['fields']['subject']['first_name'] = firstName.getAttribute( 'name' );\r\n\r\n\t\t\t\tif ( lastName )\r\n\t\t\t\t\thuFormData['fields']['subject']['last_name'] = lastName.getAttribute( 'name' );\r\n\r\n\t\t\t\thuFormData['node'] = huFormNode;\r\n\t\t\t\thuOptions['forms'].push( huFormData );\r\n\t\t\t}\r\n\t\t\t<\/script><div class=\"wpforms-recaptcha-container wpforms-is-hcaptcha\" ><div class=\"h-captcha\" data-sitekey=\"7230bf83-6857-4f2a-b416-7874368fc8f6\"><\/div><input type=\"text\" name=\"g-recaptcha-hidden\" class=\"wpforms-recaptcha-hidden\" style=\"position:absolute!important;clip:rect(0,0,0,0)!important;height:1px!important;width:1px!important;border:0!important;overflow:hidden!important;padding:0!important;margin:0!important;\" data-rule-hcaptcha=\"1\"><\/div><div class=\"wpforms-submit-container\" ><input type=\"hidden\" name=\"wpforms[id]\" value=\"726\"><input type=\"hidden\" name=\"page_title\" value=\"\"><input type=\"hidden\" name=\"page_url\" value=\"https:\/\/www.laytika.com\/en\/wp-json\/wp\/v2\/pages\/13\"><input type=\"hidden\" name=\"url_referer\" value=\"\"><button type=\"submit\" name=\"wpforms[submit]\" id=\"wpforms-submit-726\" class=\"wpforms-submit\" data-alt-text=\"Envoi...\" data-submit-text=\"Envoyer\" aria-live=\"assertive\" value=\"wpforms-submit\">Envoyer<\/button><img decoding=\"async\" src=\"https:\/\/www.laytika.com\/wp-content\/plugins\/wpforms-lite\/assets\/images\/submit-spin.svg\" class=\"wpforms-submit-spinner\" style=\"display: none;\" width=\"26\" height=\"26\" alt=\"Loading\"><\/div><\/form><\/div>  <!-- .wpforms-container --><\/div>\n\t\t\t\t\t\t<\/div>\n\t\t\t\t<\/div>\n\t\t\t\t<div class=\"elementor-element elementor-element-11077de elementor-widget elementor-widget-heading\" data-id=\"11077de\" data-element_type=\"widget\" data-e-type=\"widget\" data-widget_type=\"heading.default\">\n\t\t\t\t<div class=\"elementor-widget-container\">\n\t\t\t\t\t<p class=\"elementor-heading-title elementor-size-default\">Tous les champs marqu\u00e9s d'un ast\u00e9risque (*) sont obligatoires.<\/p>\t\t\t\t<\/div>\n\t\t\t\t<\/div>\n\t\t\t\t\t<\/div>\n\t\t<\/div>\n\t\t\t\t\t<\/div>\n\t\t<\/section>\n\t\t\t\t<\/div>\n\t\t","protected":false},"excerpt":{"rendered":"<p>Sp\u00e9cialiste de l&rsquo;Agilit\u00e9 et de la Qualit\u00e9 du SI Restons en contact ! Une demande d\u2019information ? Un devis ? Une proposition de partenariat ?Vous pouvez nous adresser votre demande via le formulaire ci-dessous. Envoyez nous un message Tous les champs marqu\u00e9s d&rsquo;un ast\u00e9risque (*) sont obligatoires.<\/p>","protected":false},"author":1,"featured_media":0,"parent":0,"menu_order":0,"comment_status":"closed","ping_status":"closed","template":"","meta":{"_monsterinsights_skip_tracking":false,"_monsterinsights_sitenote_active":false,"_monsterinsights_sitenote_note":"","_monsterinsights_sitenote_category":0,"ocean_post_layout":"full-screen","ocean_both_sidebars_style":"","ocean_both_sidebars_content_width":0,"ocean_both_sidebars_sidebars_width":0,"ocean_sidebar":"0","ocean_second_sidebar":"0","ocean_disable_margins":"enable","ocean_add_body_class":"","ocean_shortcode_before_top_bar":"","ocean_shortcode_after_top_bar":"","ocean_shortcode_before_header":"","ocean_shortcode_after_header":"","ocean_has_shortcode":"","ocean_shortcode_after_title":"","ocean_shortcode_before_footer_widgets":"","ocean_shortcode_after_footer_widgets":"","ocean_shortcode_before_footer_bottom":"","ocean_shortcode_after_footer_bottom":"","ocean_display_top_bar":"off","ocean_display_header":"default","ocean_header_style":"","ocean_center_header_left_menu":"0","ocean_custom_header_template":"0","ocean_custom_logo":0,"ocean_custom_retina_logo":0,"ocean_custom_logo_max_width":0,"ocean_custom_logo_tablet_max_width":0,"ocean_custom_logo_mobile_max_width":0,"ocean_custom_logo_max_height":0,"ocean_custom_logo_tablet_max_height":0,"ocean_custom_logo_mobile_max_height":0,"ocean_header_custom_menu":"0","ocean_menu_typo_font_family":"0","ocean_menu_typo_font_subset":"","ocean_menu_typo_font_size":0,"ocean_menu_typo_font_size_tablet":0,"ocean_menu_typo_font_size_mobile":0,"ocean_menu_typo_font_size_unit":"px","ocean_menu_typo_font_weight":"","ocean_menu_typo_font_weight_tablet":"","ocean_menu_typo_font_weight_mobile":"","ocean_menu_typo_transform":"","ocean_menu_typo_transform_tablet":"","ocean_menu_typo_transform_mobile":"","ocean_menu_typo_line_height":0,"ocean_menu_typo_line_height_tablet":0,"ocean_menu_typo_line_height_mobile":0,"ocean_menu_typo_line_height_unit":"","ocean_menu_typo_spacing":0,"ocean_menu_typo_spacing_tablet":0,"ocean_menu_typo_spacing_mobile":0,"ocean_menu_typo_spacing_unit":"","ocean_menu_link_color":"","ocean_menu_link_color_hover":"","ocean_menu_link_color_active":"","ocean_menu_link_background":"","ocean_menu_link_hover_background":"","ocean_menu_link_active_background":"","ocean_menu_social_links_bg":"","ocean_menu_social_hover_links_bg":"","ocean_menu_social_links_color":"","ocean_menu_social_hover_links_color":"","ocean_disable_title":"on","ocean_disable_heading":"default","ocean_post_title":"","ocean_post_subheading":"","ocean_post_title_style":"","ocean_post_title_background_color":"","ocean_post_title_background":0,"ocean_post_title_bg_image_position":"","ocean_post_title_bg_image_attachment":"","ocean_post_title_bg_image_repeat":"","ocean_post_title_bg_image_size":"","ocean_post_title_height":0,"ocean_post_title_bg_overlay":0.5,"ocean_post_title_bg_overlay_color":"","ocean_disable_breadcrumbs":"default","ocean_breadcrumbs_color":"","ocean_breadcrumbs_separator_color":"","ocean_breadcrumbs_links_color":"","ocean_breadcrumbs_links_hover_color":"","ocean_display_footer_widgets":"off","ocean_display_footer_bottom":"off","ocean_custom_footer_template":"0","footnotes":""},"class_list":["post-13","page","type-page","status-publish","hentry","entry"],"yoast_head":"<!-- This site is optimized with the Yoast SEO plugin v27.0 - https:\/\/yoast.com\/product\/yoast-seo-wordpress\/ -->\n<title>Contact &#060; laytika<\/title>\n<meta name=\"robots\" content=\"index, follow, max-snippet:-1, max-image-preview:large, max-video-preview:-1\" \/>\n<link rel=\"canonical\" href=\"https:\/\/www.laytika.com\/en\/contact\/\" \/>\n<meta property=\"og:locale\" content=\"en_GB\" \/>\n<meta property=\"og:type\" content=\"article\" \/>\n<meta property=\"og:title\" content=\"Contact &#060; laytika\" \/>\n<meta property=\"og:description\" content=\"Sp\u00e9cialiste de l&rsquo;Agilit\u00e9 et de la Qualit\u00e9 du SI Restons en contact ! Une demande d\u2019information ? Un devis ? Une proposition de partenariat ?Vous pouvez nous adresser votre demande via le formulaire ci-dessous. Envoyez nous un message Tous les champs marqu\u00e9s d&rsquo;un ast\u00e9risque (*) sont obligatoires.\" \/>\n<meta property=\"og:url\" content=\"https:\/\/www.laytika.com\/en\/contact\/\" \/>\n<meta property=\"og:site_name\" content=\"laytika\" \/>\n<meta property=\"article:modified_time\" content=\"2025-03-12T16:07:53+00:00\" \/>\n<meta name=\"twitter:card\" content=\"summary_large_image\" \/>\n<meta name=\"twitter:label1\" content=\"Estimated reading time\" \/>\n\t<meta name=\"twitter:data1\" content=\"1 minute\" \/>\n<script type=\"application\/ld+json\" class=\"yoast-schema-graph\">{\"@context\":\"https:\/\/schema.org\",\"@graph\":[{\"@type\":\"WebPage\",\"@id\":\"https:\/\/www.laytika.com\/contact\/\",\"url\":\"https:\/\/www.laytika.com\/contact\/\",\"name\":\"Contact &#060; laytika\",\"isPartOf\":{\"@id\":\"https:\/\/www.laytika.com\/#website\"},\"datePublished\":\"2022-08-03T14:55:44+00:00\",\"dateModified\":\"2025-03-12T16:07:53+00:00\",\"breadcrumb\":{\"@id\":\"https:\/\/www.laytika.com\/contact\/#breadcrumb\"},\"inLanguage\":\"en-GB\",\"potentialAction\":[{\"@type\":\"ReadAction\",\"target\":[\"https:\/\/www.laytika.com\/contact\/\"]}]},{\"@type\":\"BreadcrumbList\",\"@id\":\"https:\/\/www.laytika.com\/contact\/#breadcrumb\",\"itemListElement\":[{\"@type\":\"ListItem\",\"position\":1,\"name\":\"Accueil\",\"item\":\"https:\/\/www.laytika.com\/\"},{\"@type\":\"ListItem\",\"position\":2,\"name\":\"Contact\"}]},{\"@type\":\"WebSite\",\"@id\":\"https:\/\/www.laytika.com\/#website\",\"url\":\"https:\/\/www.laytika.com\/\",\"name\":\"laytika\",\"description\":\"Sp\u00e9cialiste de la Qualit\u00e9 du Syst\u00e8me d&#039;Information\",\"publisher\":{\"@id\":\"https:\/\/www.laytika.com\/#organization\"},\"alternateName\":\"Laytika Agile Testing\",\"potentialAction\":[{\"@type\":\"SearchAction\",\"target\":{\"@type\":\"EntryPoint\",\"urlTemplate\":\"https:\/\/www.laytika.com\/?s={search_term_string}\"},\"query-input\":{\"@type\":\"PropertyValueSpecification\",\"valueRequired\":true,\"valueName\":\"search_term_string\"}}],\"inLanguage\":\"en-GB\"},{\"@type\":\"Organization\",\"@id\":\"https:\/\/www.laytika.com\/#organization\",\"name\":\"laytika\",\"url\":\"https:\/\/www.laytika.com\/\",\"logo\":{\"@type\":\"ImageObject\",\"inLanguage\":\"en-GB\",\"@id\":\"https:\/\/www.laytika.com\/#\/schema\/logo\/image\/\",\"url\":\"https:\/\/www.laytika.com\/wp-content\/uploads\/2022\/08\/cropped-laytika_logo_122014_vectoriser.png\",\"contentUrl\":\"https:\/\/www.laytika.com\/wp-content\/uploads\/2022\/08\/cropped-laytika_logo_122014_vectoriser.png\",\"width\":328,\"height\":90,\"caption\":\"laytika\"},\"image\":{\"@id\":\"https:\/\/www.laytika.com\/#\/schema\/logo\/image\/\"},\"sameAs\":[\"https:\/\/www.linkedin.com\/company\/laytika\/\"]}]}<\/script>\n<!-- \/ Yoast SEO plugin. -->","yoast_head_json":{"title":"Contact &#060; laytika","robots":{"index":"index","follow":"follow","max-snippet":"max-snippet:-1","max-image-preview":"max-image-preview:large","max-video-preview":"max-video-preview:-1"},"canonical":"https:\/\/www.laytika.com\/en\/contact\/","og_locale":"en_GB","og_type":"article","og_title":"Contact &#060; laytika","og_description":"Sp\u00e9cialiste de l&rsquo;Agilit\u00e9 et de la Qualit\u00e9 du SI Restons en contact ! Une demande d\u2019information ? Un devis ? Une proposition de partenariat ?Vous pouvez nous adresser votre demande via le formulaire ci-dessous. Envoyez nous un message Tous les champs marqu\u00e9s d&rsquo;un ast\u00e9risque (*) sont obligatoires.","og_url":"https:\/\/www.laytika.com\/en\/contact\/","og_site_name":"laytika","article_modified_time":"2025-03-12T16:07:53+00:00","twitter_card":"summary_large_image","twitter_misc":{"Estimated reading time":"1 minute"},"schema":{"@context":"https:\/\/schema.org","@graph":[{"@type":"WebPage","@id":"https:\/\/www.laytika.com\/contact\/","url":"https:\/\/www.laytika.com\/contact\/","name":"Contact &#060; laytika","isPartOf":{"@id":"https:\/\/www.laytika.com\/#website"},"datePublished":"2022-08-03T14:55:44+00:00","dateModified":"2025-03-12T16:07:53+00:00","breadcrumb":{"@id":"https:\/\/www.laytika.com\/contact\/#breadcrumb"},"inLanguage":"en-GB","potentialAction":[{"@type":"ReadAction","target":["https:\/\/www.laytika.com\/contact\/"]}]},{"@type":"BreadcrumbList","@id":"https:\/\/www.laytika.com\/contact\/#breadcrumb","itemListElement":[{"@type":"ListItem","position":1,"name":"Accueil","item":"https:\/\/www.laytika.com\/"},{"@type":"ListItem","position":2,"name":"Contact"}]},{"@type":"WebSite","@id":"https:\/\/www.laytika.com\/#website","url":"https:\/\/www.laytika.com\/","name":"laytika","description":"Sp\u00e9cialiste de la Qualit\u00e9 du Syst\u00e8me d&#039;Information","publisher":{"@id":"https:\/\/www.laytika.com\/#organization"},"alternateName":"Laytika Agile Testing","potentialAction":[{"@type":"SearchAction","target":{"@type":"EntryPoint","urlTemplate":"https:\/\/www.laytika.com\/?s={search_term_string}"},"query-input":{"@type":"PropertyValueSpecification","valueRequired":true,"valueName":"search_term_string"}}],"inLanguage":"en-GB"},{"@type":"Organization","@id":"https:\/\/www.laytika.com\/#organization","name":"laytika","url":"https:\/\/www.laytika.com\/","logo":{"@type":"ImageObject","inLanguage":"en-GB","@id":"https:\/\/www.laytika.com\/#\/schema\/logo\/image\/","url":"https:\/\/www.laytika.com\/wp-content\/uploads\/2022\/08\/cropped-laytika_logo_122014_vectoriser.png","contentUrl":"https:\/\/www.laytika.com\/wp-content\/uploads\/2022\/08\/cropped-laytika_logo_122014_vectoriser.png","width":328,"height":90,"caption":"laytika"},"image":{"@id":"https:\/\/www.laytika.com\/#\/schema\/logo\/image\/"},"sameAs":["https:\/\/www.linkedin.com\/company\/laytika\/"]}]}},"_links":{"self":[{"href":"https:\/\/www.laytika.com\/en\/wp-json\/wp\/v2\/pages\/13","targetHints":{"allow":["GET"]}}],"collection":[{"href":"https:\/\/www.laytika.com\/en\/wp-json\/wp\/v2\/pages"}],"about":[{"href":"https:\/\/www.laytika.com\/en\/wp-json\/wp\/v2\/types\/page"}],"author":[{"embeddable":true,"href":"https:\/\/www.laytika.com\/en\/wp-json\/wp\/v2\/users\/1"}],"replies":[{"embeddable":true,"href":"https:\/\/www.laytika.com\/en\/wp-json\/wp\/v2\/comments?post=13"}],"version-history":[{"count":146,"href":"https:\/\/www.laytika.com\/en\/wp-json\/wp\/v2\/pages\/13\/revisions"}],"predecessor-version":[{"id":5629,"href":"https:\/\/www.laytika.com\/en\/wp-json\/wp\/v2\/pages\/13\/revisions\/5629"}],"wp:attachment":[{"href":"https:\/\/www.laytika.com\/en\/wp-json\/wp\/v2\/media?parent=13"}],"curies":[{"name":"wp","href":"https:\/\/api.w.org\/{rel}","templated":true}]}}